{"id":2,"date":"2014-02-25T19:33:44","date_gmt":"2014-02-25T19:33:44","guid":{"rendered":"http:\/\/www.extincendiors.com.br\/site\/?page_id=2"},"modified":"2014-02-28T19:27:46","modified_gmt":"2014-02-28T19:27:46","slug":"sample-page","status":"publish","type":"page","link":"https:\/\/www.extincendiors.com.br\/site\/sample-page\/","title":{"rendered":"Extintores"},"content":{"rendered":"<p>Existem tr\u00eas elementos essenciais envolvidos no processo de produ\u00e7\u00e3o do fogo: calor, oxig\u00eanio e combust\u00edvel. Para acabar com um inc\u00eandio, \u00e9 preciso retirar completamente um destes tr\u00eas elementos.<\/p>\n<p>\u2022 O melhor jeito para acabar com o calor \u00e9 jogando \u00e1gua no fogo, pois isto resfria o combust\u00edvel a uma temperatura abaixo do seu ponto de igni\u00e7\u00e3o, interrompendo o ciclo de combust\u00e3o.<\/p>\n<p>\u2022 Para retirar o oxig\u00eanio, pode-se abafar o fogo, para que ele n\u00e3o fique exposto ao ar. Um jeito de abafar um pequeno inc\u00eandio \u00e9 cobrindo-o com um cobertor pesado. Outro jeito \u00e9 jogar material n\u00e3o inflam\u00e1vel no fogo, como areia ou bicarbonato de s\u00f3dio.<\/p>\n<p>\u2022 Retirar o combust\u00edvel \u00e9 o jeito mais dif\u00edcil de acabar com a maioria dos inc\u00eandios. Em alguns casos ( madeira de uma casa, por exemplo) o combust\u00edvel s\u00f3 ser\u00e1 retirado quando o fogo o tiver queimado por inteiro.<\/p>\n<p>Os extintores de inc\u00eandio s\u00e3o cilindros de metal que cont\u00e9m um agente extintor (\u00e1gua, espuma, p\u00f3 qu\u00edmico ou di\u00f3xido de carbono &#8211; CO2. Quando voc\u00ea pressiona a alavanca da parte superior do cilindro, o material \u00e9 expelido com grande press\u00e3o, parecida com a press\u00e3o utilizada em uma lata de aerosol. O diagrama abaixo mostra um projeto simples.<\/p>\n<p>Neste extintor, o sif\u00e3o de tubo pl\u00e1stico vai da parte superior do reservat\u00f3rio do eliminador de fogo para a parte superior do extintor. Uma v\u00e1lvula com molas bloqueia a passagem do sif\u00e3o para o bocal. Na parte superior do cilindro tem um cilindro menor, cheio de um g\u00e1s comprimido: di\u00f3xido de carbono l\u00edquido, por exemplo. Uma v\u00e1lvula impede que o g\u00e1s comprimido escape.<\/p>\n<p>Para usar o extintor, voc\u00ea retira o pino de seguran\u00e7a e pressiona a alavanca de opera\u00e7\u00e3o. A alavanca empurra a haste de ativa\u00e7\u00e3o, que pressiona a v\u00e1lvula de molas para baixo, para abrir a passagem at\u00e9 o bocal. A parte inferior da haste de ativa\u00e7\u00e3o tem um ponto afiado, que fura a v\u00e1lvula de libera\u00e7\u00e3o do cilindro.<\/p>\n<p>O g\u00e1s comprimido sai, fazendo press\u00e3o para baixo no material eliminador de inc\u00eandios, o que conduz o material para o sif\u00e3o e para fora do bocal com uma for\u00e7a consider\u00e1vel. O jeito adequado de se usar o extintor \u00e9 mir\u00e1-lo diretamente no combust\u00edvel, em vez de mirar nas chamas.<\/p>\n<p><strong>Tipos de extintores<\/strong><\/p>\n<p>Os extintores de inc\u00eandio s\u00e3o classificados pelo tipo de inc\u00eandio que conseguem apagar.<\/p>\n<p><a href=\"https:\/\/www.extincendiors.com.br\/site\/wp-content\/uploads\/2014\/02\/extintor_08.jpg\"><img loading=\"lazy\" class=\"alignnone size-full wp-image-30\" alt=\"extintor_08\" src=\"https:\/\/www.extincendiors.com.br\/site\/wp-content\/uploads\/2014\/02\/extintor_08.jpg\" width=\"625\" height=\"469\" srcset=\"https:\/\/www.extincendiors.com.br\/site\/wp-content\/uploads\/2014\/02\/extintor_08.jpg 625w, https:\/\/www.extincendiors.com.br\/site\/wp-content\/uploads\/2014\/02\/extintor_08-300x225.jpg 300w, https:\/\/www.extincendiors.com.br\/site\/wp-content\/uploads\/2014\/02\/extintor_08-199x150.jpg 199w, https:\/\/www.extincendiors.com.br\/site\/wp-content\/uploads\/2014\/02\/extintor_08-150x112.jpg 150w\" sizes=\"(max-width: 625px) 100vw, 625px\" \/><\/a><\/p>\n<p>Classe A &#8211; conseguem apagar inc\u00eandios de &#8220;combust\u00edveis comuns&#8221; como madeira, pl\u00e1stico ou papel.<\/p>\n<p>Classe B &#8211; conseguem apagar l\u00edquidos inflam\u00e1veis como gasolina ou graxa.<\/p>\n<p>Classe C &#8211; conseguem apagar inc\u00eandios el\u00e9tricos.<\/p>\n<p>Os extintores que forem marcados com A, B e C conseguem apagar todos os tipos.<\/p>\n<p>Classe D &#8211; projetados para apagar metais que estejam pegando fogo, s\u00e3o raros.<\/p>\n<p>Verifique as letras e figuras do seu extintor para saber o que ele consegue fazer.<\/p>\n<p><a href=\"https:\/\/www.extincendiors.com.br\/site\/wp-content\/uploads\/2014\/02\/extintor_11.gif\"><img loading=\"lazy\" class=\"alignnone size-full wp-image-31\" alt=\"extintor_11\" src=\"https:\/\/www.extincendiors.com.br\/site\/wp-content\/uploads\/2014\/02\/extintor_11.gif\" width=\"598\" height=\"434\" \/><\/a><\/p>\n<p>A \u00e1gua \u00e9 o material mais conhecido para apagar inc\u00eandios e \u00e9 um dos mais eficazes, mas pode ser perigosa quando usada em uma situa\u00e7\u00e3o errada. Um extintor de \u00e1gua consegue apagar o fogo em materiais como madeira, papel ou papel\u00e3o, mas n\u00e3o funciona em inc\u00eandios el\u00e9tricos ou naqueles que envolvam l\u00edquidos inflam\u00e1veis. No caso de um inc\u00eandio el\u00e9trico, a \u00e1gua pode conduzir a corrente, o que pode causar eletrocu\u00e7\u00e3o. A \u00e1gua s\u00f3 ir\u00e1 espalhar um l\u00edquido inflam\u00e1vel, o que ir\u00e1 piorar o inc\u00eandio.<\/p>\n<p>Outro material popular que elimina fogo \u00e9 o di\u00f3xido de carbono puro. Num extintor de di\u00f3xido de carbono, este material \u00e9 mantido sob press\u00e3o, em forma l\u00edquida, dentro do cilindro. Quando o container \u00e9 aberto, o di\u00f3xido de carbono se expande para formar um g\u00e1s. Este g\u00e1s \u00e9 mais pesado do que o oxig\u00eanio, ent\u00e3o ele elimina o oxig\u00eanio que est\u00e1 ao redor do combust\u00edvel em chamas. Este tipo de extintor \u00e9 comum em restaurantes porque n\u00e3o contamina os equipamentos da cozinha nem a comida.<\/p>\n<p>Outro material utilizado para eliminar \u00e9 a espuma ou p\u00f3 qu\u00edmico, normalmente feita de bicarbonato de s\u00f3dio, bicarbonato de pot\u00e1ssio, quase id\u00eantico ao bicarbonato de s\u00f3dio ou fosfato monoammonium. O bicarbonato de s\u00f3dio come\u00e7a a decompor em 70\u00b0C e, quando se decomp\u00f5e, libera o di\u00f3xido de carbono, que, junto do isolamento da espuma, serve para abafar o inc\u00eandio.<\/p>\n<p>A maioria dos extintores tem uma pequena quantidade de material eliminador de inc\u00eandio: voc\u00ea pode gastar tudo em quest\u00e3o de segundos. Por isso, os extintores s\u00f3 s\u00e3o eficazes em inc\u00eandios relativamente pequenos, que podem se facilmente contidos. Para apagar um grande inc\u00eandio, \u00e9 necess\u00e1rio um equipamento muito maior: um carro de bombeiros, por exemplo, e os profissionais que sabem us\u00e1-lo. Mas para apagar as chamas que podem aparecer na sua casa, o extintor de inc\u00eandios \u00e9 um salva-vidas inestim\u00e1vel.<\/p>\n","protected":false},"excerpt":{"rendered":"<p>Existem tr\u00eas elementos essenciais envolvidos no processo de produ\u00e7\u00e3o do fogo: calor, oxig\u00eanio e combust\u00edvel. Para acabar com um inc\u00eandio, \u00e9 preciso retirar completamente um destes tr\u00eas elementos. \u2022 O melhor jeito para acabar com o calor \u00e9 jogando \u00e1gua no fogo, pois isto resfria o combust\u00edvel a uma temperatura \u2026 <a class=\"continue-reading-link\" href=\"https:\/\/www.extincendiors.com.br\/site\/sample-page\/\"> Continue reading<\/a><\/p>\n","protected":false},"author":1,"featured_media":0,"parent":0,"menu_order":1,"comment_status":"open","ping_status":"open","template":"","meta":[],"_links":{"self":[{"href":"https:\/\/www.extincendiors.com.br\/site\/wp-json\/wp\/v2\/pages\/2"}],"collection":[{"href":"https:\/\/www.extincendiors.com.br\/site\/wp-json\/wp\/v2\/pages"}],"about":[{"href":"https:\/\/www.extincendiors.com.br\/site\/wp-json\/wp\/v2\/types\/page"}],"author":[{"embeddable":true,"href":"https:\/\/www.extincendiors.com.br\/site\/wp-json\/wp\/v2\/users\/1"}],"replies":[{"embeddable":true,"href":"https:\/\/www.extincendiors.com.br\/site\/wp-json\/wp\/v2\/comments?post=2"}],"version-history":[{"count":2,"href":"https:\/\/www.extincendiors.com.br\/site\/wp-json\/wp\/v2\/pages\/2\/revisions"}],"predecessor-version":[{"id":32,"href":"https:\/\/www.extincendiors.com.br\/site\/wp-json\/wp\/v2\/pages\/2\/revisions\/32"}],"wp:attachment":[{"href":"https:\/\/www.extincendiors.com.br\/site\/wp-json\/wp\/v2\/media?parent=2"}],"curies":[{"name":"wp","href":"https:\/\/api.w.org\/{rel}","templated":true}]}}